{"id":36057,"date":"2024-07-09T12:20:03","date_gmt":"2024-07-09T19:20:03","guid":{"rendered":"https:\/\/inside.ewu.edu\/mcnair\/?page_id=36057"},"modified":"2025-12-10T11:01:24","modified_gmt":"2025-12-10T19:01:24","slug":"paola-campos","status":"publish","type":"page","link":"https:\/\/inside.ewu.edu\/mcnair\/paola-campos\/","title":{"rendered":"Paola Campos"},"content":{"rendered":"<div class=\"gb-container gb-container-01b1cdc8\">\n\n<h1 class=\"gb-headline gb-headline-7297488d gb-headline-text\">Paola Campos<\/h1>\n\n\n<div class=\"gb-container gb-container-4e33a266\">\n<div class=\"gb-container gb-container-63d259a3\">\n<div class=\"gb-container gb-container-dcd53162\">\n<div class=\"gb-container gb-container-fa244fe3\">\n\n<figure class=\"wp-block-image size-full\"><img loading=\"lazy\" decoding=\"async\" width=\"2560\" height=\"2560\" src=\"https:\/\/in.ewu.edu\/mcnair\/wp-content\/uploads\/sites\/131\/2024\/04\/Paola-Campos-SQUARE-photo-scaled.jpg\" alt=\"Paola Campos SQUARE photo\" class=\"wp-image-10707\" style=\"object-fit:cover\" srcset=\"https:\/\/inside.ewu.edu\/mcnair\/wp-content\/uploads\/sites\/131\/2024\/04\/Paola-Campos-SQUARE-photo-scaled.jpg 2560w, https:\/\/inside.ewu.edu\/mcnair\/wp-content\/uploads\/sites\/131\/2024\/04\/Paola-Campos-SQUARE-photo-300x300.jpg 300w, https:\/\/inside.ewu.edu\/mcnair\/wp-content\/uploads\/sites\/131\/2024\/04\/Paola-Campos-SQUARE-photo-1024x1024.jpg 1024w, https:\/\/inside.ewu.edu\/mcnair\/wp-content\/uploads\/sites\/131\/2024\/04\/Paola-Campos-SQUARE-photo-150x150.jpg 150w, https:\/\/inside.ewu.edu\/mcnair\/wp-content\/uploads\/sites\/131\/2024\/04\/Paola-Campos-SQUARE-photo-768x768.jpg 768w, https:\/\/inside.ewu.edu\/mcnair\/wp-content\/uploads\/sites\/131\/2024\/04\/Paola-Campos-SQUARE-photo-1536x1536.jpg 1536w, https:\/\/inside.ewu.edu\/mcnair\/wp-content\/uploads\/sites\/131\/2024\/04\/Paola-Campos-SQUARE-photo-2048x2048.jpg 2048w\" sizes=\"(max-width: 2560px) 100vw, 2560px\" \/><\/figure>\n\n<\/div>\n<\/div>\n\n<div class=\"gb-container gb-container-4b55109a\">\n\n<p><strong>Paola Campos<\/strong>\u00a0is pursuing her Bachelor&#8217;s degree in Exercise Science. She hopes to get her Doctorate of Physical Therapy. Paola has worked as a Physical Therapy aide for the past 3 years in various clinics around Spokane. She loves getting to know every patient, working under Physical Therapists, and watching patients&#8217; recovery journeys. Paola has always wanted to pursue Physical Therapy.\u00a0<a href=\"https:\/\/www.toucanabroad.com\/\">Toucan Abroad<\/a>, a program that takes you abroad to shadow Physical Therapists internationally, helped confirm Physical Therapy was going to open many paths to help people throughout her professional career. Paola was accepted as a McNair scholar in winter of 2023. For her Summer 2024 Research Internship, she investigated the lack of interpreters for people with English as their second language in the Physical Therapy field, alongside her mentor\u00a0<a href=\"https:\/\/www.ewu.edu\/chsph\/physical-therapy\/contact-pt\/\">Dr. Fahed Mehyar<\/a>.\u00a0Paola&#8217;s<strong> <\/strong>research was presented August 15, 2024 at the <a href=\"https:\/\/inside.ewu.edu\/mcnair\/another-great-summer-of-research-at-mcnair\/\">McNair Summer Research Symposium<\/a>.<\/p>\n\n\n\n<p><strong>Paola Campos<\/strong>\u00a0est\u00e1 cursando su Licenciatura en Ciencias del Ejercicio, para obtener su Doctorado en Fisioterapia. Paola ha trabajado como asistente de fisioterapia durante los \u00faltimos 3 a\u00f1os en diferentes cl\u00ednicas en Spokane Wa. Le fascina conocer a los pacientes y trabajar con diferentes terapeutas observando el progreso de recuperaci\u00f3n en ellos. Su deseo siempre fue obtener una licenciatura en fisioterapia. Ha tenido la incre\u00edble oportunidad de observar a los fisioterapeutas en Puerto Vallarta a trav\u00e9s de\u00a0<a href=\"https:\/\/www.toucanabroad.com\/\">Tuc\u00e1n Abroad<\/a>. Fue una experiencia que la impuls\u00f3 a decidir qu\u00e9 la fisioterapia era definitivamente el camino a seguir. Paola fue aceptada como becaria McNair en el invierno de 2023. Para su proyecto de investigaci\u00f3n en este verano 2024. Espera investigar la falta de int\u00e9rpretes para personas con ingl\u00e9s como segundo idioma en el campo de la fisioterapia junto con su mentor, el\u00a0<a href=\"https:\/\/www.ewu.edu\/chsph\/physical-therapy\/contact-pt\/\">Dr. Fahed Mehyar<\/a>.<\/p>\n\n<\/div>\n<\/div>\n\n<div class=\"gb-container gb-container-717ded44\">\n\n<hr class=\"wp-block-separator has-alpha-channel-opacity\"\/>\n\n\n\n<p><strong><strong>2024 EWU Faculty Research Mentor:&nbsp;<a href=\"https:\/\/www.ewu.edu\/chsph\/physical-therapy\/contact-pt\/\">Dr.&nbsp;Fahed Mehyar<\/a><\/strong><\/strong><\/p>\n\n\n\n<p><strong>Research Title:<\/strong> <em>Strategies Used by Physical Therapists to Improve Physical Therapy Sessions for Patients with Limited English Proficiency (LEP) : A Physical Therapists Perspective<\/em><\/p>\n\n\n\n<p><strong>Research Abstract:<\/strong> The percentage of people with Limited English Proficiency (LEP) in the United States is&nbsp;growing rapidly, creating a need for culturally and linguistically appropriate healthcare.&nbsp;Previous studies have focused on improving hospital and doctor visits for patients with&nbsp;LEP. Studies have also been done investigating barriers between patients with LEP and&nbsp;therapists in inpatient rehabilitation settings. However, little research has been done&nbsp;investigating strategies used by physical therapists in outpatient settings. Language&nbsp;barriers between patient and clinician can lead to miscommunication and may increase&nbsp;the number of visits for the patient. This research will identify strategies used by&nbsp;outpatient physical therapists to enhance physical therapy for patients with LEP. For this&nbsp;research, data was collected using surveys and semi structured interviews. Results&nbsp;show that physical therapists have different techniques to try and communicate with&nbsp;patients who are LEP. The most frequently used technique is making sure to use a&nbsp;translator when translators are available. When no translators are available, keeping the&nbsp;session and exercises simple is key for ensuring effective communication. Studies&nbsp;following this research can continue to focus on ways to improve physical therapy both&nbsp;for the patients with LEP and the therapists during their session.&nbsp;<\/p>\n\n\n\n<hr class=\"wp-block-separator has-alpha-channel-opacity\"\/>\n\n<\/div>\n\n<div class=\"gb-container gb-container-5073e3c0\">\n\n<div class=\"wp-block-group is-layout-constrained wp-block-group-is-layout-constrained\">\n<div class=\"gb-grid-wrapper gb-grid-wrapper-a3c65e36 gb-query-loop-wrapper\">\n<div class=\"gb-grid-column gb-grid-column-32babe5f gb-query-loop-item post-38727 post type-post status-publish format-standard has-post-thumbnail hentry category-2023-2024-cohort category-2023-24-grad-school-acceptances category-news category-paola-campos category-physical-therapy category-uncategorized tag-acceptances tag-ewu-mcnair-program tag-ewu-mcnair-scholar tag-exercise-science tag-mcnair-scholar tag-physical-therapy\"><div class=\"gb-container gb-container-32babe5f\">\n<figure class=\"gb-block-image gb-block-image-8043880e\"><img loading=\"lazy\" decoding=\"async\" width=\"1080\" height=\"1350\" src=\"https:\/\/inside.ewu.edu\/mcnair\/wp-content\/uploads\/sites\/131\/2025\/12\/Paola-Campos.jpg\" class=\"gb-image-8043880e\" alt=\"\" srcset=\"https:\/\/inside.ewu.edu\/mcnair\/wp-content\/uploads\/sites\/131\/2025\/12\/Paola-Campos.jpg 1080w, https:\/\/inside.ewu.edu\/mcnair\/wp-content\/uploads\/sites\/131\/2025\/12\/Paola-Campos-240x300.jpg 240w, https:\/\/inside.ewu.edu\/mcnair\/wp-content\/uploads\/sites\/131\/2025\/12\/Paola-Campos-819x1024.jpg 819w, https:\/\/inside.ewu.edu\/mcnair\/wp-content\/uploads\/sites\/131\/2025\/12\/Paola-Campos-768x960.jpg 768w\" sizes=\"(max-width: 1080px) 100vw, 1080px\" \/><\/figure>\n\n<h2 class=\"gb-headline gb-headline-aaa93ff5 gb-headline-text\"><a href=\"https:\/\/inside.ewu.edu\/mcnair\/paola-campos-mcnair-scholar-accepted-to-pnwu-doctor-of-physical-therapy-program\/\">Paola Campos, McNair Scholar Accepted to PNWU Doctor of Physical Therapy Program!!<\/a><\/h2>\n\n<p class=\"gb-headline gb-headline-3efb7f8c gb-headline-text\"><time class=\"entry-date published\" datetime=\"2025-12-09T12:21:58-08:00\">12\/09\/2025<\/time><\/p>\n\n<div class=\"gb-headline gb-headline-8d013927 gb-headline-text\">We are thrilled to congratulate Paola Campos on her acceptance into the Doctor of Physical Therapy (DPT) program at Pacific Northwest University of Health Sciences (PNWU)\u2014an exciting milestone in her inspiring academic and professional journey. Paola is currently pursuing her Bachelor\u2019s degree in Exercise Science, with ambitious goals of earning her Doctorate of Physical Therapy. &#8230; <a title=\"Paola Campos, McNair Scholar Accepted to PNWU Doctor of Physical Therapy Program!!\" class=\"read-more\" href=\"https:\/\/inside.ewu.edu\/mcnair\/paola-campos-mcnair-scholar-accepted-to-pnwu-doctor-of-physical-therapy-program\/\" aria-label=\"Read more about Paola Campos, McNair Scholar Accepted to PNWU Doctor of Physical Therapy Program!!\">Read more<\/a><\/div>\n<\/div><\/div>\n\n<div class=\"gb-grid-column gb-grid-column-32babe5f gb-query-loop-item post-37317 post type-post status-publish format-standard has-post-thumbnail hentry category-2023-2024-cohort category-2024-25-presentations category-elanor-strathmore category-news category-paola-campos category-physical-therapy category-psychology tag-conference tag-conference-presentation tag-ewu-mcnair-program tag-ewu-mcnair-scholar tag-physical-therapy tag-presentations tag-psychology tag-spanish\"><div class=\"gb-container gb-container-32babe5f\">\n<figure class=\"gb-block-image gb-block-image-8043880e\"><img loading=\"lazy\" decoding=\"async\" width=\"2560\" height=\"2560\" src=\"https:\/\/inside.ewu.edu\/mcnair\/wp-content\/uploads\/sites\/131\/2024\/11\/Eleanor-Strathmore-and-Paola-Campos-UNM-McNair-Scholars-Research-Conference-2024-scaled.jpg\" class=\"gb-image-8043880e\" alt=\"Photo of Eleanor Strathmore and Paola Campos\" srcset=\"https:\/\/inside.ewu.edu\/mcnair\/wp-content\/uploads\/sites\/131\/2024\/11\/Eleanor-Strathmore-and-Paola-Campos-UNM-McNair-Scholars-Research-Conference-2024-scaled.jpg 2560w, https:\/\/inside.ewu.edu\/mcnair\/wp-content\/uploads\/sites\/131\/2024\/11\/Eleanor-Strathmore-and-Paola-Campos-UNM-McNair-Scholars-Research-Conference-2024-300x300.jpg 300w, https:\/\/inside.ewu.edu\/mcnair\/wp-content\/uploads\/sites\/131\/2024\/11\/Eleanor-Strathmore-and-Paola-Campos-UNM-McNair-Scholars-Research-Conference-2024-1024x1024.jpg 1024w, https:\/\/inside.ewu.edu\/mcnair\/wp-content\/uploads\/sites\/131\/2024\/11\/Eleanor-Strathmore-and-Paola-Campos-UNM-McNair-Scholars-Research-Conference-2024-150x150.jpg 150w, https:\/\/inside.ewu.edu\/mcnair\/wp-content\/uploads\/sites\/131\/2024\/11\/Eleanor-Strathmore-and-Paola-Campos-UNM-McNair-Scholars-Research-Conference-2024-768x768.jpg 768w, https:\/\/inside.ewu.edu\/mcnair\/wp-content\/uploads\/sites\/131\/2024\/11\/Eleanor-Strathmore-and-Paola-Campos-UNM-McNair-Scholars-Research-Conference-2024-1536x1536.jpg 1536w, https:\/\/inside.ewu.edu\/mcnair\/wp-content\/uploads\/sites\/131\/2024\/11\/Eleanor-Strathmore-and-Paola-Campos-UNM-McNair-Scholars-Research-Conference-2024-2048x2048.jpg 2048w, https:\/\/inside.ewu.edu\/mcnair\/wp-content\/uploads\/sites\/131\/2024\/11\/Eleanor-Strathmore-and-Paola-Campos-UNM-McNair-Scholars-Research-Conference-2024-400x400.jpg 400w, https:\/\/inside.ewu.edu\/mcnair\/wp-content\/uploads\/sites\/131\/2024\/11\/Eleanor-Strathmore-and-Paola-Campos-UNM-McNair-Scholars-Research-Conference-2024-600x600.jpg 600w\" sizes=\"(max-width: 2560px) 100vw, 2560px\" \/><\/figure>\n\n<h2 class=\"gb-headline gb-headline-aaa93ff5 gb-headline-text\"><a href=\"https:\/\/inside.ewu.edu\/mcnair\/mcnair-scholars-eleanor-strathmore-and-paola-campos-present-at-unm-mcnair-scholars-research-conference\/\">McNair Scholars Eleanor Strathmore and Paola Campos Present at UNM McNair Scholars Research Conference<\/a><\/h2>\n\n<p class=\"gb-headline gb-headline-3efb7f8c gb-headline-text\"><time class=\"entry-date published\" datetime=\"2024-12-27T17:41:56-08:00\">12\/27\/2024<\/time><\/p>\n\n<div class=\"gb-headline gb-headline-8d013927 gb-headline-text\">McNair Scholars Eleanor Strathmore and Paola Campos presented their 2024 Research posters at the University of New Mexico McNair Scholars Research Conference this September. UNM McNair Scholars Research Conference invites students from all majors, provides opportunities for presentation feedback, and integrates diverse learning experiences of the conference and surrounding Albuquerque cultures.<\/div>\n<\/div><\/div>\n\n<div class=\"gb-grid-column gb-grid-column-32babe5f gb-query-loop-item post-37206 post type-post status-publish format-standard has-post-thumbnail hentry category-2023-2024-cohort category-2024-mcnair-summer-research category-2024-mcnair-summer-research-internship category-news category-paola-campos category-physical-therapy category-sri tag-dr-fahed-mehyar tag-ewu-mcnair-program tag-ewu-mcnair-scholar tag-ewu-summer-research-internship tag-mentor tag-physical-therapy\"><div class=\"gb-container gb-container-32babe5f\">\n<figure class=\"gb-block-image gb-block-image-8043880e\"><img loading=\"lazy\" decoding=\"async\" width=\"2560\" height=\"2560\" src=\"https:\/\/inside.ewu.edu\/mcnair\/wp-content\/uploads\/sites\/131\/2024\/10\/2024-SRI-Announcement_Paola-Campos-scaled.jpg\" class=\"gb-image-8043880e\" alt=\"\" srcset=\"https:\/\/inside.ewu.edu\/mcnair\/wp-content\/uploads\/sites\/131\/2024\/10\/2024-SRI-Announcement_Paola-Campos-scaled.jpg 2560w, https:\/\/inside.ewu.edu\/mcnair\/wp-content\/uploads\/sites\/131\/2024\/10\/2024-SRI-Announcement_Paola-Campos-300x300.jpg 300w, https:\/\/inside.ewu.edu\/mcnair\/wp-content\/uploads\/sites\/131\/2024\/10\/2024-SRI-Announcement_Paola-Campos-1024x1024.jpg 1024w, https:\/\/inside.ewu.edu\/mcnair\/wp-content\/uploads\/sites\/131\/2024\/10\/2024-SRI-Announcement_Paola-Campos-150x150.jpg 150w, https:\/\/inside.ewu.edu\/mcnair\/wp-content\/uploads\/sites\/131\/2024\/10\/2024-SRI-Announcement_Paola-Campos-768x768.jpg 768w, https:\/\/inside.ewu.edu\/mcnair\/wp-content\/uploads\/sites\/131\/2024\/10\/2024-SRI-Announcement_Paola-Campos-1536x1536.jpg 1536w, https:\/\/inside.ewu.edu\/mcnair\/wp-content\/uploads\/sites\/131\/2024\/10\/2024-SRI-Announcement_Paola-Campos-2048x2048.jpg 2048w\" sizes=\"(max-width: 2560px) 100vw, 2560px\" \/><\/figure>\n\n<h2 class=\"gb-headline gb-headline-aaa93ff5 gb-headline-text\"><a href=\"https:\/\/inside.ewu.edu\/mcnair\/ewu-mcnair-scholar-paola-campos-completes-mcnair-summer-research-internship\/\">EWU McNair Scholar Paola Campos Completes McNair Summer Research Internship<\/a><\/h2>\n\n<p class=\"gb-headline gb-headline-3efb7f8c gb-headline-text\"><time class=\"entry-date published\" datetime=\"2024-11-14T08:32:03-08:00\">11\/14\/2024<\/time><\/p>\n\n<div class=\"gb-headline gb-headline-8d013927 gb-headline-text\">Congratulations to EWU McNair Scholar Paola Campos for completing her McNair Summer Research Internship! She worked with mentor\u00a0Dr. Fahed Mehyar on her summer 2024 research, &#8220;Strategies Used by Physical Therapists to Improve Physical Therapy Sessions for Patients with Limited English Proficiency (LEP) : A Physical Therapists Perspective&#8221;. Paola&#8217;s research was presented August 15, 2024 at &#8230; <a title=\"EWU McNair Scholar Paola Campos Completes McNair Summer Research Internship\" class=\"read-more\" href=\"https:\/\/inside.ewu.edu\/mcnair\/ewu-mcnair-scholar-paola-campos-completes-mcnair-summer-research-internship\/\" aria-label=\"Read more about EWU McNair Scholar Paola Campos Completes McNair Summer Research Internship\">Read more<\/a><\/div>\n<\/div><\/div>\n\n<div class=\"gb-grid-column gb-grid-column-32babe5f gb-query-loop-item post-37105 post type-post status-publish format-standard has-post-thumbnail hentry category-2022-2023-cohort category-2023-2024-cohort category-2024-mcnair-summer-research-internship category-aura-moreno category-biochemistry category-biology category-chemistry category-christopher-nava category-data-analytics category-elanor-strathmore category-evan-brown category-gender-womens-and-sexuality-studies category-julianna-amante-2023-2024-cohort category-kayla-dickson category-makenna-tabino category-marketing category-mathematics category-mcnair-mentors category-monique-castellano category-news category-nicole-nemeth category-nursing category-paola-campos category-psychology category-raul-segura category-recruitment category-research category-scholars category-sri category-tiago-correia category-uncategorized category-vanessa-sanchez category-visual-communication-design tag-ewu-mcnair-program tag-ewu-mcnair-scholar tag-ewu-summer-research-internship tag-mcnair\"><div class=\"gb-container gb-container-32babe5f\">\n<figure class=\"gb-block-image gb-block-image-8043880e\"><img loading=\"lazy\" decoding=\"async\" width=\"10667\" height=\"10667\" src=\"https:\/\/inside.ewu.edu\/mcnair\/wp-content\/uploads\/sites\/131\/2024\/10\/2024-SRI-Long-Post-General-pdf.jpg\" class=\"gb-image-8043880e\" alt=\"\" \/><\/figure>\n\n<h2 class=\"gb-headline gb-headline-aaa93ff5 gb-headline-text\"><a href=\"https:\/\/inside.ewu.edu\/mcnair\/another-great-summer-of-research-at-mcnair\/\">Another Great Summer of Research at McNair!<\/a><\/h2>\n\n<p class=\"gb-headline gb-headline-3efb7f8c gb-headline-text\"><time class=\"entry-date published\" datetime=\"2024-10-03T16:11:13-07:00\">10\/03\/2024<\/time><\/p>\n\n<div class=\"gb-headline gb-headline-8d013927 gb-headline-text\">The Eastern Washington University (EWU) McNair Scholars Program is proud to announce the successful completion of its 2024 Summer Research Internship. This year 11 participants engaged in a diverse range of research topics, from the experiences of women of color in math courses at EWU and censorship of radio around issues of sexuality in the &#8230; <a title=\"Another Great Summer of Research at McNair!\" class=\"read-more\" href=\"https:\/\/inside.ewu.edu\/mcnair\/another-great-summer-of-research-at-mcnair\/\" aria-label=\"Read more about Another Great Summer of Research at McNair!\">Read more<\/a><\/div>\n<\/div><\/div>\n\n<div class=\"gb-grid-column gb-grid-column-32babe5f gb-query-loop-item post-10788 post type-post status-publish format-standard has-post-thumbnail hentry category-2023-2024-cohort category-2024-mcnair-summer-research-internship category-news category-paola-campos tag-acceptances tag-accepted tag-ewu-mcnair-program tag-ewu-mcnair-scholar tag-exercise-science\"><div class=\"gb-container gb-container-32babe5f\">\n<figure class=\"gb-block-image gb-block-image-8043880e\"><img loading=\"lazy\" decoding=\"async\" width=\"2560\" height=\"2560\" src=\"https:\/\/inside.ewu.edu\/mcnair\/wp-content\/uploads\/sites\/131\/2024\/05\/Paola-Campos-Mcnair-Summer-Research-Internship-Award-Summer-2024-scaled.jpg\" class=\"gb-image-8043880e\" alt=\"Congrats to Paola Campos\" srcset=\"https:\/\/inside.ewu.edu\/mcnair\/wp-content\/uploads\/sites\/131\/2024\/05\/Paola-Campos-Mcnair-Summer-Research-Internship-Award-Summer-2024-scaled.jpg 2560w, https:\/\/inside.ewu.edu\/mcnair\/wp-content\/uploads\/sites\/131\/2024\/05\/Paola-Campos-Mcnair-Summer-Research-Internship-Award-Summer-2024-300x300.jpg 300w, https:\/\/inside.ewu.edu\/mcnair\/wp-content\/uploads\/sites\/131\/2024\/05\/Paola-Campos-Mcnair-Summer-Research-Internship-Award-Summer-2024-1024x1024.jpg 1024w, https:\/\/inside.ewu.edu\/mcnair\/wp-content\/uploads\/sites\/131\/2024\/05\/Paola-Campos-Mcnair-Summer-Research-Internship-Award-Summer-2024-150x150.jpg 150w, https:\/\/inside.ewu.edu\/mcnair\/wp-content\/uploads\/sites\/131\/2024\/05\/Paola-Campos-Mcnair-Summer-Research-Internship-Award-Summer-2024-768x768.jpg 768w, https:\/\/inside.ewu.edu\/mcnair\/wp-content\/uploads\/sites\/131\/2024\/05\/Paola-Campos-Mcnair-Summer-Research-Internship-Award-Summer-2024-1536x1536.jpg 1536w, https:\/\/inside.ewu.edu\/mcnair\/wp-content\/uploads\/sites\/131\/2024\/05\/Paola-Campos-Mcnair-Summer-Research-Internship-Award-Summer-2024-2048x2048.jpg 2048w\" sizes=\"(max-width: 2560px) 100vw, 2560px\" \/><\/figure>\n\n<h2 class=\"gb-headline gb-headline-aaa93ff5 gb-headline-text\"><a href=\"https:\/\/inside.ewu.edu\/mcnair\/paola-campos-selected-as-an-ewu-mcnair-scholar-and-awarded-summer-research-internship\/\">Paola Campos Selected as an EWU McNair Scholar and Awarded Summer Research Internship<\/a><\/h2>\n\n<p class=\"gb-headline gb-headline-3efb7f8c gb-headline-text\"><time class=\"entry-date published\" datetime=\"2024-06-04T13:11:00-07:00\">06\/04\/2024<\/time><\/p>\n\n<div class=\"gb-headline gb-headline-8d013927 gb-headline-text\">Congratulations to new McNair Scholar Paola Campos! Paola was selected by the McNair Scholars&#8217; selection committee on the basis of her passion for research, commitment to attaining a PhD, and overall potential for success in graduate school. The federally-funded TRIO Ronald E. McNair Post-baccalaureate Achievement Program at EWU selects motivated and talented juniors and seniors &#8230; <a title=\"Paola Campos Selected as an EWU McNair Scholar and Awarded Summer Research Internship\" class=\"read-more\" href=\"https:\/\/inside.ewu.edu\/mcnair\/paola-campos-selected-as-an-ewu-mcnair-scholar-and-awarded-summer-research-internship\/\" aria-label=\"Read more about Paola Campos Selected as an EWU McNair Scholar and Awarded Summer Research Internship\">Read more<\/a><\/div>\n<\/div><\/div>\n<\/div>\n<\/div>\n\n<\/div>\n<\/div>\n<\/div>","protected":false},"excerpt":{"rendered":"<p>Paola Campos Paola Campos\u00a0is pursuing her Bachelor&#8217;s degree in Exercise Science. She hopes to get her Doctorate of Physical Therapy. Paola has worked as a Physical Therapy aide for the past 3 years in various clinics around Spokane. She loves getting to know every patient, working under Physical Therapists, and watching patients&#8217; recovery journeys. Paola &#8230; <a title=\"Paola Campos\" class=\"read-more\" href=\"https:\/\/inside.ewu.edu\/mcnair\/paola-campos\/\" aria-label=\"Read more about Paola Campos\">Read more<\/a><\/p>\n","protected":false},"author":9086,"featured_media":0,"parent":0,"menu_order":0,"comment_status":"closed","ping_status":"closed","template":"","meta":{"wpo365_audiences":[],"wpo365_private":false,"footnotes":""},"class_list":["post-36057","page","type-page","status-publish"],"_links":{"self":[{"href":"https:\/\/inside.ewu.edu\/mcnair\/wp-json\/wp\/v2\/pages\/36057"}],"collection":[{"href":"https:\/\/inside.ewu.edu\/mcnair\/wp-json\/wp\/v2\/pages"}],"about":[{"href":"https:\/\/inside.ewu.edu\/mcnair\/wp-json\/wp\/v2\/types\/page"}],"author":[{"embeddable":true,"href":"https:\/\/inside.ewu.edu\/mcnair\/wp-json\/wp\/v2\/users\/9086"}],"replies":[{"embeddable":true,"href":"https:\/\/inside.ewu.edu\/mcnair\/wp-json\/wp\/v2\/comments?post=36057"}],"version-history":[{"count":8,"href":"https:\/\/inside.ewu.edu\/mcnair\/wp-json\/wp\/v2\/pages\/36057\/revisions"}],"predecessor-version":[{"id":38737,"href":"https:\/\/inside.ewu.edu\/mcnair\/wp-json\/wp\/v2\/pages\/36057\/revisions\/38737"}],"wp:attachment":[{"href":"https:\/\/inside.ewu.edu\/mcnair\/wp-json\/wp\/v2\/media?parent=36057"}],"curies":[{"name":"wp","href":"https:\/\/api.w.org\/{rel}","templated":true}]}}