{"id":35964,"date":"2024-07-10T10:02:24","date_gmt":"2024-07-10T17:02:24","guid":{"rendered":"https:\/\/inside.ewu.edu\/mcnair\/?page_id=35964"},"modified":"2024-07-10T10:02:24","modified_gmt":"2024-07-10T17:02:24","slug":"ewu-mcnair-student-conferences-and-presentations-2019-2020","status":"publish","type":"page","link":"https:\/\/inside.ewu.edu\/mcnair\/ewu-mcnair-student-conferences-and-presentations-2019-2020\/","title":{"rendered":"EWU McNair Student Conferences and Presentations 2019-2020"},"content":{"rendered":"\n<h2 class=\"wp-block-heading\">McNair Scholar Presentations, Publications, and Conferences 2019-2020<\/h2>\n\n\n\n<p>EWU McNair is proud to announce that 18 EWU McNair Scholars presented at this year&#8217;s Virtual Symposium. A huge thank you to all of the mentors that helped make this possible. We&#8217;re so proud of all of our students&#8217; hard work and look forward another summer research in just a few weeks! Below is a list of our presenters and their presentations plus links to learn more about students or see their presentations.<\/p>\n\n\n\n<p><strong>Presentations at the EWU Virtual Symposium 2020<\/strong><\/p>\n\n\n\n<p>EWU McNair Alumna&nbsp;<a href=\"https:\/\/inside.ewu.edu\/mcnair\/cohorts\/2015-2016-cohort\/veronica-albrecht\/\">Veronica Albrecht<\/a>:&nbsp;<a href=\"https:\/\/dc.ewu.edu\/srcw_2020_oral_presentations\/15\">&#8220;Characterizing Two cagPAI Located Small RNAs in Helicobacter pylori&#8221;<\/a>&nbsp;in collaboration with Dr. Andrea Castillo and&nbsp;<a href=\"https:\/\/dc.ewu.edu\/srcw_2020_oral_presentations\/17\">&#8220;Gene Expression Regulation of sRNA Hpnc2525 in the Clinically Relevant Helicobacter pylori cagPAI Genomic Region&#8221;<\/a>&nbsp;in collaboration with EWU McNair STEM GSA and fellow graduate student Brandon Flatgard, under the mentorship of Dr. Andrea Castillo<\/p>\n\n\n\n<p><a href=\"https:\/\/inside.ewu.edu\/mcnair\/cohorts\/2019-2020-cohort\/analisea-araya\/\">Analisea Araya<\/a>:&nbsp;<a href=\"https:\/\/dc.ewu.edu\/srcw_2020_oral_presentations\/31\">&#8220;An Analysis of Early Modern Philosopher Mary Astell and a Critique of the Western Canon&#8221;<\/a>&nbsp;with the mentorship of Dr. Kevin Decker<\/p>\n\n\n\n<p><a href=\"https:\/\/inside.ewu.edu\/mcnair\/cohorts\/2019-2020-cohort\/gloria-bravo\/\">Gloria Bravo<\/a>:&nbsp;<a href=\"https:\/\/dc.ewu.edu\/srcw_2020_oral_presentations\/6\">&#8220;Economic Sanctions Reproduce State Sponsored Repression, Human Rights Violations and Violence: A Case Study of Venezuela&#8221;<\/a>&nbsp;with the mentorship of Dr. Majid Sharifi<\/p>\n\n\n\n<p><a href=\"https:\/\/inside.ewu.edu\/mcnair\/cohorts\/20182019cohort\/madelyn-brown\/\">Madelyn Brown<\/a>:&nbsp;<a href=\"https:\/\/dc.ewu.edu\/srcw_2020_oral_presentations\/3\">&#8220;Maintaining Our Land: Traditional Ecological Knowledge and Wildfire Prevention&#8221;<\/a>&nbsp;with the mentorship of Dr. Christina Torres Garc\u00eda and PhD candidate SimHayKin S. Jack<\/p>\n\n\n\n<p><a href=\"https:\/\/inside.ewu.edu\/mcnair\/cohorts\/20182019cohort\/malachi-chukwu\/\">Malachi Chukwu<\/a>:&nbsp;<a href=\"https:\/\/dc.ewu.edu\/srcw_2020_posters\/56\">&#8220;Projects of Economic and Social Development in the Global South: The 20th and 21st-century developmental trends and their impacts&#8221;<\/a>&nbsp;with the mentorship of Dr. Majid Sharifi<\/p>\n\n\n\n<p><a href=\"https:\/\/inside.ewu.edu\/mcnair\/cohorts\/2019-2020-cohort\/alexandria-coronado\/\">Alexandria Coronado<\/a>:&nbsp;<a href=\"https:\/\/dc.ewu.edu\/srcw_2020_posters\/50\">&#8220;Research Proposal: Housing and Food Insecurity Among College Students&#8221;<\/a>&nbsp;with the mentorship of Dr. Lindsey Upton<\/p>\n\n\n\n<p><a href=\"https:\/\/inside.ewu.edu\/mcnair\/cohorts\/2019-2020-cohort\/ashley-destin\/\">Ashley Destin<\/a>:&nbsp;<a href=\"https:\/\/dc.ewu.edu\/srcw_2020_posters\/19\">&#8220;Size Scaling in the Skull of North American Felids as Adaptations for Prey Acquisition&#8221;<\/a>&nbsp;with the mentorship of Dr. Judd Case<\/p>\n\n\n\n<p><a href=\"https:\/\/inside.ewu.edu\/mcnair\/cohorts\/2017-2018-cohort\/angelica-garcia-macias\/\">Ang\u00e9lica Garc\u00eda-Mac\u00edas<\/a>:&nbsp;<a href=\"https:\/\/dc.ewu.edu\/srcw_2020_oral_presentations\/7\">&#8220;Eat the Poor&#8221;<\/a>&nbsp;under the mentorship of Dr. Thomas Hawley<\/p>\n\n\n\n<p><a href=\"https:\/\/inside.ewu.edu\/mcnair\/cohorts\/20182019cohort\/darlene-gilroy\/\">Darlene Gilroy<\/a>:&nbsp;<a href=\"https:\/\/dc.ewu.edu\/srcw_2020_posters\/11\">&#8220;Chemical Weathering of Deposits from the 1980 Mount St. Helens Eruption and its Effect on Stream Water Chemistry&#8221;<\/a>&nbsp;in collaboration with Dr. Carmen Nezat<\/p>\n\n\n\n<p><a href=\"https:\/\/inside.ewu.edu\/mcnair\/cohorts\/2019-2020-cohort\/alexis-guizar-diaz\/\">Alexis Guizar-Diaz<\/a>:&nbsp;<a href=\"https:\/\/dc.ewu.edu\/srcw_2020_oral_presentations\/32\">&#8220;Machismo, Marianismo, and The Ethics of Care&#8221;<\/a>&nbsp;with the mentorship of Dr. Mimi Marinucci, he will continue this research in the summer of 2020 with Dr. Edwin Elias<\/p>\n\n\n\n<p><a href=\"https:\/\/inside.ewu.edu\/mcnair\/cohorts\/20182019cohort\/theresa-lee\/\">Theresa Lee<\/a>:&nbsp;<a href=\"https:\/\/dc.ewu.edu\/srcw_2020_posters\/44\">&#8220;Understanding Prisoner Reentry: Public Perceptions of Reentry Barriers Among College Students&#8221;<\/a>&nbsp;with the mentorship of Dr. Lindsey Upton<\/p>\n\n\n\n<p><a href=\"https:\/\/inside.ewu.edu\/mcnair\/cohorts\/20182019cohort\/wendolyn-martinez\/\">Wendolyn Martinez<\/a>:&nbsp;<a href=\"https:\/\/dc.ewu.edu\/srcw_2020_posters\/54\">&#8220;Propaganda: USSR and US &#8211; Comparing Propaganda from the US and USSR Produced for the Advancement of Public Approval for Hydro-projects in the 1930s,&#8221;<\/a>&nbsp;with the mentorship of Dr. Dorothy Zeisler-Vralsted<\/p>\n\n\n\n<p><a href=\"https:\/\/inside.ewu.edu\/mcnair\/cohorts\/2017-2018-cohort\/abdulrazik-mohammed\/\">Abdulrazik Mohamed<\/a>:&nbsp;<a href=\"https:\/\/dc.ewu.edu\/srcw_2020_posters\/43\/\">&#8220;Darfurians in the Diaspora: Perceptions of the Conflict in Darfur, Sudan\u2019s Past and the Future of Darfur Under International Response&#8221;<\/a>&nbsp;with the mentorship of Dr. Dorothy Zeisler-Vralsted<\/p>\n\n\n\n<p><a href=\"https:\/\/inside.ewu.edu\/mcnair\/cohorts\/2019-2020-cohort\/aulane-mpouli\/\">Aulane Mpouli<\/a>:<a href=\"https:\/\/dc.ewu.edu\/srcw_2020_posters\/34\">&nbsp;&#8220;Molecular Docking Study of ITPA protein substrate complex&#8221;<\/a>&nbsp;with the mentorship of Dr. Yao Houndonougbo<\/p>\n\n\n\n<p><a href=\"https:\/\/inside.ewu.edu\/mcnair\/cohorts\/2019-2020-cohort\/rachael-pentico\/\">Rachael Pentico<\/a>:&nbsp;<a href=\"https:\/\/dc.ewu.edu\/srcw_2020_posters\/23\">&#8220;A Review of Plant-Soil Feedbacks and Their Importance For Palouse Prairie Restoration and Management&#8221;<\/a>&nbsp;with the mentorship of Dr. Rebecca Brown<\/p>\n\n\n\n<p>EWU McNair Alumna&nbsp;<a href=\"https:\/\/inside.ewu.edu\/mcnair\/cohorts\/2016-2017\/christina-ramelow\/\">Christina Ramelow<\/a>:&nbsp;<a href=\"https:\/\/dc.ewu.edu\/srcw_2020_oral_presentations\/12\">&#8220;Oral Farnesol Administration Protects Against Inflammatory Demyelination,&#8221;<\/a>&nbsp;research done with mentorship from Dr. Javier Ochoa-Reparaz and in collaboration with multiple other graduate students and faculty<\/p>\n\n\n\n<p><a href=\"https:\/\/inside.ewu.edu\/mcnair\/cohorts\/2019-2020-cohort\/hope-sands\/\">Hope Sands<\/a>&nbsp;:<a href=\"https:\/\/dc.ewu.edu\/srcw_2020_posters\/49\">&#8220;Exploring the Archaeological and Geographical Past of Fort Spokane: A Proposal&#8221;<\/a>&nbsp;with the mentorship of Dr. Brian Buchanan.<\/p>\n\n\n\n<p><a href=\"https:\/\/inside.ewu.edu\/mcnair\/cohorts\/2017-2018-cohort\/rachel-silverthorn\/\">Rachel Silverthorn<\/a>:&nbsp;<a href=\"https:\/\/dc.ewu.edu\/srcw_2020_posters\/63\">&#8220;Gender differences in confidence in jury decision making&#8221;<\/a>&nbsp;under the mentorship of Dr. Kayleen Islam-Zwart<\/p>\n\n\n\n<p><strong>Presentations and Publications Across the United States in 2019-2020<\/strong><\/p>\n\n\n\n<p><a href=\"https:\/\/inside.ewu.edu\/mcnair\/cohorts\/2017-2018-cohort\/rosa-espinosa-zuniga\/\">Rosa Espinosa Zuniga<\/a>&nbsp;presented&nbsp;<a href=\"https:\/\/inside.ewu.edu\/mcnair\/mcnair-scholar-rosa-espinosa-zuniga-presents-at-baylor-university-in-texas\/\">&#8220;Gratitude, Spirituality, and Religiosity as predictors of psychological well-being in Latinx Aging Population<em>&#8221;&nbsp;<\/em><\/a>with the mentorship of Dr. Phillip Watkins and Dr. Theresa Martin at the Baylor McNair Conference and Graduate School Fair in Waco, TX.<\/p>\n\n\n\n<p><a href=\"https:\/\/inside.ewu.edu\/mcnair\/cohorts\/20182019cohort\/darlene-gilroy\/\">Darlene Gilroy<\/a>&nbsp;presented,&nbsp;<a href=\"https:\/\/dc.ewu.edu\/srcw_2020_posters\/11\">&#8220;Chemical Weathering of Deposits from the 1980 Mount St. Helens Eruption and its Effect on Stream Water Chemistry&#8221;<\/a>&nbsp;in collaboration with Dr. Carmen Nezat 2019 at the Murdock College Science Research Conference in Tacoma WA and the 2020 WE-STEM conference at EWU.<\/p>\n\n\n\n<p><a href=\"https:\/\/inside.ewu.edu\/mcnair\/cohorts\/20182019cohort\/theresa-lee\/\">Theresa Lee<\/a>&nbsp;presented,&nbsp;<a href=\"https:\/\/inside.ewu.edu\/mcnair\/ewu-mcnair-scholar-theresa-lee-presents-poster-at-the-american-society-of-criminology-conference\/\">\u201cPrisoner Reentry: College Perceptions of Reentry Barriers in a Northwest Community\u201d&nbsp;<\/a>with the mentorship of Dr. Lindsey Upton at American Society of Criminology (ASC).<\/p>\n\n\n\n<p><a href=\"https:\/\/inside.ewu.edu\/mcnair\/cohorts\/2017-2018-cohort\/abdulrazik-mohammed\/\">Abdulrazik Mohamed&nbsp;<\/a>presented,&nbsp;<a href=\"https:\/\/inside.ewu.edu\/mcnair\/ewu-mcnair-scholar-abdulrazik-mohamed-presents-research-on-sudanese-diaspora-at-black-doctoral-network-conference\/\">&#8220;Sudanese in Diaspora: Perceptions on the conflict in Darfur\u201d<\/a>&nbsp;at the 2019 Black Doctoral Network Conference in Newark, New Jersey, and at the 8th Annual Women in Genocide Symposium: The Case of Darfur; he completed his research with the mentorship of Dr. Dorothy Zeisler-Vralsted.<\/p>\n\n\n\n<p><a href=\"https:\/\/inside.ewu.edu\/mcnair\/cohorts\/2017-2018-cohort\/marcos-monteiro\/\">Marcos Monteiro<\/a>, along with&nbsp;former EWU McNair Scholar Laurisa Ankley, McNair Faculty Mentor Dr. Andrea Castillo,&nbsp; fellow student Katherine Camp, and Dr. Robin O&#8217;Quinn, published their article&nbsp;<a href=\"https:\/\/www.ncbi.nlm.nih.gov\/pubmed\/31782867\">&#8220;Manuka honey chelates iron and impacts iron regulation in key bacterial pathogens&#8221;<\/a>&nbsp;in the&nbsp;<em>Journal of Applied Microbiology<\/em>.<\/p>\n\n\n\n<p><a href=\"https:\/\/inside.ewu.edu\/mcnair\/cohorts\/2017-2018-cohort\/rachel-silverthorn\/\">Rachel Silverthorn<\/a>&nbsp;presented,&nbsp;<a href=\"https:\/\/dc.ewu.edu\/srcw_2020_posters\/63\">&#8220;Gender differences in in Perceptions of Female Defendants&#8221;<\/a>&nbsp;with the mentorship of Dr. Kayleen Islam-Zwart&nbsp;at the 31st Association for Psychological Science Annual Convention. Washington, D.C.<\/p>\n","protected":false},"excerpt":{"rendered":"<p>McNair Scholar Presentations, Publications, and Conferences 2019-2020 EWU McNair is proud to announce that 18 EWU McNair Scholars presented at this year&#8217;s Virtual Symposium. A huge thank you to all of the mentors that helped make this possible. We&#8217;re so proud of all of our students&#8217; hard work and look forward another summer research in &#8230; <a title=\"EWU McNair Student Conferences and Presentations 2019-2020\" class=\"read-more\" href=\"https:\/\/inside.ewu.edu\/mcnair\/ewu-mcnair-student-conferences-and-presentations-2019-2020\/\" aria-label=\"Read more about EWU McNair Student Conferences and Presentations 2019-2020\">Read more<\/a><\/p>\n","protected":false},"author":9086,"featured_media":0,"parent":0,"menu_order":0,"comment_status":"closed","ping_status":"closed","template":"","meta":{"wpo365_audiences":[],"wpo365_private":false,"footnotes":""},"class_list":["post-35964","page","type-page","status-publish"],"_links":{"self":[{"href":"https:\/\/inside.ewu.edu\/mcnair\/wp-json\/wp\/v2\/pages\/35964"}],"collection":[{"href":"https:\/\/inside.ewu.edu\/mcnair\/wp-json\/wp\/v2\/pages"}],"about":[{"href":"https:\/\/inside.ewu.edu\/mcnair\/wp-json\/wp\/v2\/types\/page"}],"author":[{"embeddable":true,"href":"https:\/\/inside.ewu.edu\/mcnair\/wp-json\/wp\/v2\/users\/9086"}],"replies":[{"embeddable":true,"href":"https:\/\/inside.ewu.edu\/mcnair\/wp-json\/wp\/v2\/comments?post=35964"}],"version-history":[{"count":2,"href":"https:\/\/inside.ewu.edu\/mcnair\/wp-json\/wp\/v2\/pages\/35964\/revisions"}],"predecessor-version":[{"id":36297,"href":"https:\/\/inside.ewu.edu\/mcnair\/wp-json\/wp\/v2\/pages\/35964\/revisions\/36297"}],"wp:attachment":[{"href":"https:\/\/inside.ewu.edu\/mcnair\/wp-json\/wp\/v2\/media?parent=35964"}],"curies":[{"name":"wp","href":"https:\/\/api.w.org\/{rel}","templated":true}]}}