{"id":35579,"date":"2024-07-10T08:52:47","date_gmt":"2024-07-10T15:52:47","guid":{"rendered":"https:\/\/inside.ewu.edu\/mcnair\/?page_id=35579"},"modified":"2024-09-12T12:35:01","modified_gmt":"2024-09-12T19:35:01","slug":"josiah-van-egdom","status":"publish","type":"page","link":"https:\/\/inside.ewu.edu\/mcnair\/cohorts-2\/2016-2017\/josiah-van-egdom\/","title":{"rendered":"Josiah Van Egdom"},"content":{"rendered":"<div class=\"gb-container gb-container-01b1cdc8\">\n\n<h1 class=\"gb-headline gb-headline-7297488d gb-headline-text\">Josiah Van Egdom<\/h1>\n\n\n<div class=\"gb-container gb-container-4e33a266\">\n<div class=\"gb-container gb-container-63d259a3\">\n<div class=\"gb-container gb-container-dcd53162\">\n<div class=\"gb-container gb-container-fa244fe3\">\n\n<figure class=\"wp-block-image size-full\"><img loading=\"lazy\" decoding=\"async\" width=\"432\" height=\"576\" src=\"https:\/\/in.ewu.edu\/mcnair\/wp-content\/uploads\/sites\/131\/2018\/05\/vanegdomjosiah_3628557_41062013_VanEgdomJ_03b.jpg\" alt=\"vanegdomjosiah_3628557_41062013_VanEgdomJ_03b\" class=\"wp-image-1593\" style=\"object-fit:cover\" srcset=\"https:\/\/inside.ewu.edu\/mcnair\/wp-content\/uploads\/sites\/131\/2018\/05\/vanegdomjosiah_3628557_41062013_VanEgdomJ_03b.jpg 432w, https:\/\/inside.ewu.edu\/mcnair\/wp-content\/uploads\/sites\/131\/2018\/05\/vanegdomjosiah_3628557_41062013_VanEgdomJ_03b-225x300.jpg 225w\" sizes=\"(max-width: 432px) 100vw, 432px\" \/><\/figure>\n\n<\/div>\n\n<div class=\"gb-container gb-container-f029d863\">\n\n<figure class=\"wp-block-image\"><a href=\"https:\/\/www.linkedin.com\/in\/josiah-van-egdom-764867132\/\"><img loading=\"lazy\" decoding=\"async\" width=\"300\" height=\"255\" src=\"https:\/\/in.ewu.edu\/mcnair\/wp-content\/uploads\/sites\/131\/2023\/10\/LI-In-Bug-300x255.png\" alt=\"LinkedIn Official Logo\" class=\"wp-image-10226\" style=\"object-fit:cover\" srcset=\"https:\/\/inside.ewu.edu\/mcnair\/wp-content\/uploads\/sites\/131\/2023\/10\/LI-In-Bug-300x255.png 300w, https:\/\/inside.ewu.edu\/mcnair\/wp-content\/uploads\/sites\/131\/2023\/10\/LI-In-Bug.png 635w\" sizes=\"(max-width: 300px) 100vw, 300px\" \/><\/a><\/figure>\n\n<\/div>\n<\/div>\n\n<div class=\"gb-container gb-container-4b55109a\">\n\n<p><strong>Josiah Van Egdom<\/strong>&nbsp;graduated in 2019, majoring in political science and minoring in accounting and Chicanx studies. He was born and raised in a small town inside the city of Surrey, just outside of Vancouver, Canada. Josiah has been a part of the TRiO family since his sophomore year in high school in the U.S. He participated in Upward Bound and Student Support Services and worked for the Columbia Basin Upward Bound program, before becoming an EWU McNair scholar. Josiah hopes to be able to pass the vast knowledge and resources that have been afforded to him by so many throughout the duration of his life to the next generation of eager bright minds. In the fall of 2019, Josiah began attending Syracuse University\u2019s Political Science PhD Program with full funding. He was also accepted to Political Science PhD Programs at Oregon State, Washington State, American University, and the University of Chicago.<\/p>\n\n<\/div>\n<\/div>\n\n<div class=\"gb-container gb-container-717ded44\">\n\n<hr class=\"wp-block-separator has-alpha-channel-opacity\"\/>\n\n\n\n<p><strong>2017 McNair Faculty Research Mentor:&nbsp;<\/strong><a href=\"https:\/\/inside.ewu.edu\/chst-content\/\">Dr. Mart\u00edn Mer\u00e1z Garc\u00eda&nbsp;<\/a>&#8211; Political Science<br><strong>Research Title:&nbsp;<\/strong><em>Recordando a los Mayas: Contributions of the Indigenous Women in Guatemala: Work in Progress<\/em><strong><\/strong><\/p>\n\n\n\n<p><strong>Abstract:&nbsp;<\/strong>Women during the Guatemalan civil war (1960-1996) played an integral role for both sides of the conflict.&nbsp; Gender norms are critical in looking at how men and women approached the conflict.&nbsp; Assessing how indigenous women broke these norms and removed barriers in order to participate in this conflict is an area that will be covered in this research.&nbsp; Additionally, this study addresses how individuals on both sides of the conflict perceived each other, particularly indigenous women that were part of this armed struggle.&nbsp;&nbsp; Previous research done in Central America involving armed conflicts have used image theory successfully to determine perceptions of opposing parties (Cottam, Baltodano, &amp; Garc\u00eda, 2011).&nbsp; This research seeks to do the same in applying image theory to the Guatemalan conflict.&nbsp; Specifically, this research focuses on how parties viewed each other through image theory and how indigenous women mobilized themselves and led to the success of incorporating women in the conflict and in the Peace Accords of 1996.&nbsp; The second component of this research looks at how women were involved in the peace talks that allowed the conflict to come to its end in the late 1990\u2019s.&nbsp; This work relies on peer reviewed historical records and other scholarly sources to assess the perceptions of women and the extent of their participation during the armed conflict in Guatemala.&nbsp; Interviews have also been conducted and relied on heavily with participants who took part in the civilian conflict and used as empirical evidence to draw conclusions.&nbsp; A working hypothesis for this paper is that significant discrepancies will emerge between the actual and perceived participation and mobilization of women in the Guatemalan armed conflict.<\/p>\n\n\n\n<p>Gender, Guatemala, Mobilization, Indigenous, Image Theory, Conflict<\/p>\n\n\n\n<hr class=\"wp-block-separator has-alpha-channel-opacity\"\/>\n\n<\/div>\n\n<div class=\"gb-container gb-container-5073e3c0\">\n\n<div class=\"wp-block-columns is-layout-flex wp-container-core-columns-is-layout-1 wp-block-columns-is-layout-flex\">\n<div class=\"wp-block-column is-layout-flow wp-block-column-is-layout-flow\" style=\"flex-basis:100%\">\n<div class=\"gb-grid-wrapper gb-grid-wrapper-a3c65e36 gb-query-loop-wrapper\">\n<div class=\"gb-grid-column gb-grid-column-32babe5f gb-query-loop-item post-2449 post type-post status-publish format-standard has-post-thumbnail hentry category-2016-2017-cohort category-josiahvanegdom category-mcnair-mentors category-mentor category-news category-political-science category-scholars category-social-media\"><div class=\"gb-container gb-container-32babe5f\">\n<figure class=\"gb-block-image gb-block-image-8043880e\"><img loading=\"lazy\" decoding=\"async\" width=\"960\" height=\"720\" src=\"https:\/\/inside.ewu.edu\/mcnair\/wp-content\/uploads\/sites\/131\/2018\/11\/46452230_1435553469919476_4283957435099512832_n.jpg\" class=\"gb-image-8043880e\" alt=\"\" srcset=\"https:\/\/inside.ewu.edu\/mcnair\/wp-content\/uploads\/sites\/131\/2018\/11\/46452230_1435553469919476_4283957435099512832_n.jpg 960w, https:\/\/inside.ewu.edu\/mcnair\/wp-content\/uploads\/sites\/131\/2018\/11\/46452230_1435553469919476_4283957435099512832_n-300x225.jpg 300w, https:\/\/inside.ewu.edu\/mcnair\/wp-content\/uploads\/sites\/131\/2018\/11\/46452230_1435553469919476_4283957435099512832_n-768x576.jpg 768w\" sizes=\"(max-width: 960px) 100vw, 960px\" \/><\/figure>\n\n<h2 class=\"gb-headline gb-headline-aaa93ff5 gb-headline-text\"><a href=\"https:\/\/inside.ewu.edu\/mcnair\/josiah-van-egdoms-scholar-story\/\">Josiah Van Egdom&#8217;s Scholar Story<\/a><\/h2>\n\n<p class=\"gb-headline gb-headline-3efb7f8c gb-headline-text\"><time class=\"entry-date published\" datetime=\"2019-03-05T10:36:26-08:00\">03\/05\/2019<\/time><\/p>\n\n<div class=\"gb-headline gb-headline-8d013927 gb-headline-text\">Josiah Van Egdom was accepted into McNair in 2016. Initially, his focus was on accounting and economics. That changed with McNair. He had a conversation with Dr. Christina Torres Garcia, program director, which challenged his future. While accounting was fine, Josiah wanted to study political science. With the encouragement of that conversation, and with the &#8230; <a title=\"Josiah Van Egdom&#8217;s Scholar Story\" class=\"read-more\" href=\"https:\/\/inside.ewu.edu\/mcnair\/josiah-van-egdoms-scholar-story\/\" aria-label=\"Read more about Josiah Van Egdom&#8217;s Scholar Story\">Read more<\/a><\/div>\n<\/div><\/div>\n\n<div class=\"gb-grid-column gb-grid-column-32babe5f gb-query-loop-item post-2382 post type-post status-publish format-standard has-post-thumbnail hentry category-2016-2017-cohort category-acceptances-awards category-josiahvanegdom category-news category-political-science category-scholars category-social-media\"><div class=\"gb-container gb-container-32babe5f\">\n<figure class=\"gb-block-image gb-block-image-8043880e\"><img loading=\"lazy\" decoding=\"async\" width=\"222\" height=\"227\" src=\"https:\/\/inside.ewu.edu\/mcnair\/wp-content\/uploads\/sites\/131\/2019\/02\/American-University-Logo.png\" class=\"gb-image-8043880e\" alt=\"\" \/><\/figure>\n\n<h2 class=\"gb-headline gb-headline-aaa93ff5 gb-headline-text\"><a href=\"https:\/\/inside.ewu.edu\/mcnair\/josiah-van-egdom-has-been-accepted-into-the-phd-program-at-american-universitys-department-of-political-science\/\">Josiah Van Egdom, EWU McNair Scholar, has been accepted into the PhD program at American University&#8217;s department of Political Science!<\/a><\/h2>\n\n<p class=\"gb-headline gb-headline-3efb7f8c gb-headline-text\"><time class=\"entry-date published\" datetime=\"2019-02-19T13:08:58-08:00\">02\/19\/2019<\/time><\/p>\n\n<div class=\"gb-headline gb-headline-8d013927 gb-headline-text\">EWU McNair Scholar,&nbsp;Josiah Van Egdom, was accepted to American University in the PhD program of Political Science with funding. This is his third acceptance so far. Congratulations to Josiah!<\/div>\n<\/div><\/div>\n\n<div class=\"gb-grid-column gb-grid-column-32babe5f gb-query-loop-item post-1229 post type-post status-publish format-standard hentry category-2016-2017-cohort category-josiahvanegdom category-mcnair-mentors category-news category-political-science category-scholars category-social-media\"><div class=\"gb-container gb-container-32babe5f\">\n\n\n<h2 class=\"gb-headline gb-headline-aaa93ff5 gb-headline-text\"><a href=\"https:\/\/inside.ewu.edu\/mcnair\/josiah-van-egdom-has-completed-a-mcnair-research-project-this-summer-with-his-mentor\/\">Josiah Van Egdom has completed a McNair Research Project this summer with his mentor<\/a><\/h2>\n\n<p class=\"gb-headline gb-headline-3efb7f8c gb-headline-text\"><time class=\"entry-date published\" datetime=\"2017-11-06T08:22:06-08:00\">11\/06\/2017<\/time><\/p>\n\n<div class=\"gb-headline gb-headline-8d013927 gb-headline-text\">EWU McNair Scholar,&nbsp;Josiah Van Egdom, has completed a McNair Research Project this summer with his mentor, Dr. Martin Meraz Garcia. His research title is &#8220;Portrayals of Latina\/os in News Media During the Trump Phenomenon&#8221;. Keep up the good work Josiah! We are proud of you!<\/div>\n<\/div><\/div>\n\n<div class=\"gb-grid-column gb-grid-column-32babe5f gb-query-loop-item post-1173 post type-post status-publish format-standard hentry category-2016-2017-cohort category-josiahvanegdom category-news category-political-science category-scholars category-social-media\"><div class=\"gb-container gb-container-32babe5f\">\n\n\n<h2 class=\"gb-headline gb-headline-aaa93ff5 gb-headline-text\"><a href=\"https:\/\/inside.ewu.edu\/mcnair\/josiah-van-egdom-presented-at-the-pacific-northwest-political-science-association-conference\/\">Josiah Van Egdom presented at the Pacific Northwest Political Science Association Conference<\/a><\/h2>\n\n<p class=\"gb-headline gb-headline-3efb7f8c gb-headline-text\"><time class=\"entry-date published\" datetime=\"2017-10-17T07:15:14-07:00\">10\/17\/2017<\/time><\/p>\n\n<div class=\"gb-headline gb-headline-8d013927 gb-headline-text\">McNair Scholar Josiah Van Egdom presented at the Pacific Northwest Political Science Association Conference in Seattle WA on October 13. His research title is &#8220;Portrayals of Latina\/os in News Media During the Trump Phenomenon&#8221;. Congratulations you Josiah and to your mentor Dr. Martin Meraz-Garcia!<\/div>\n<\/div><\/div>\n\n<div class=\"gb-grid-column gb-grid-column-32babe5f gb-query-loop-item post-1142 post type-post status-publish format-standard hentry category-2016-2017-cohort category-acceptances-awards category-josiahvanegdom category-news category-political-science category-scholars category-social-media\"><div class=\"gb-container gb-container-32babe5f\">\n\n\n<h2 class=\"gb-headline gb-headline-aaa93ff5 gb-headline-text\"><a href=\"https:\/\/inside.ewu.edu\/mcnair\/josiah-has-received-scholarships\/\">Josiah has received scholarships!<\/a><\/h2>\n\n<p class=\"gb-headline gb-headline-3efb7f8c gb-headline-text\"><time class=\"entry-date published\" datetime=\"2017-06-07T07:32:08-07:00\">06\/07\/2017<\/time><\/p>\n\n<div class=\"gb-headline gb-headline-8d013927 gb-headline-text\">Josiah Van Egdom, has received the Paul Lauzier Foundation Scholarship for $7,500, and the Nancy A. Jenny Scholarship for $900! That&#8217;s amazing! Great work Josiah!<\/div>\n<\/div><\/div>\n\n<div class=\"gb-grid-column gb-grid-column-32babe5f gb-query-loop-item post-1123 post type-post status-publish format-standard hentry category-2016-2017-cohort category-acceptances-awards category-albertofelixbeltran category-ariegurin category-christinaramelow category-elvincabrera category-ereisamorales category-jaimiekenney category-josiahvanegdom category-laurisaankley category-lonitaber category-marioaguilar category-michelleabunaja category-monicavillegas category-news category-sandraespinoza category-scholars category-shawnstratte category-social-media category-travisstephens\"><div class=\"gb-container gb-container-32babe5f\">\n\n\n<h2 class=\"gb-headline gb-headline-aaa93ff5 gb-headline-text\"><a href=\"https:\/\/inside.ewu.edu\/mcnair\/new-scholars-2017\/\">New Scholars 2017<\/a><\/h2>\n\n<p class=\"gb-headline gb-headline-3efb7f8c gb-headline-text\"><time class=\"entry-date published\" datetime=\"2017-06-01T15:03:48-07:00\">06\/01\/2017<\/time><\/p>\n\n<div class=\"gb-headline gb-headline-8d013927 gb-headline-text\">PLEASE WELCOME OUR NEW SCHOLARS:Josiah Van Egdom, Monica Villegas, Jaimie Kenney, Arie Gurin, Felix Beltran, Sandra Espinosa, Mario Aguilar, Laurisa Ankley, Ereisa G. Morales-L\u00f3pez, Kimberly Jones, Kim Jones, Christina Ramelow, Travis Stephens, Michelle Abunaja, Loni Taber, Elvin Cabrera, Shawn Stratte. Ewu Trio McNair Scholar<\/div>\n<\/div><\/div>\n<\/div>\n<\/div>\n<\/div>\n\n<\/div>\n<\/div>\n<\/div>","protected":false},"excerpt":{"rendered":"<p>Josiah Van Egdom Josiah Van Egdom&nbsp;graduated in 2019, majoring in political science and minoring in accounting and Chicanx studies. He was born and raised in a small town inside the city of Surrey, just outside of Vancouver, Canada. Josiah has been a part of the TRiO family since his sophomore year in high school in &#8230; <a title=\"Josiah Van Egdom\" class=\"read-more\" href=\"https:\/\/inside.ewu.edu\/mcnair\/cohorts-2\/2016-2017\/josiah-van-egdom\/\" aria-label=\"Read more about Josiah Van Egdom\">Read more<\/a><\/p>\n","protected":false},"author":9086,"featured_media":0,"parent":35563,"menu_order":0,"comment_status":"closed","ping_status":"closed","template":"","meta":{"wpo365_audiences":[],"wpo365_private":false,"footnotes":""},"class_list":["post-35579","page","type-page","status-publish"],"_links":{"self":[{"href":"https:\/\/inside.ewu.edu\/mcnair\/wp-json\/wp\/v2\/pages\/35579"}],"collection":[{"href":"https:\/\/inside.ewu.edu\/mcnair\/wp-json\/wp\/v2\/pages"}],"about":[{"href":"https:\/\/inside.ewu.edu\/mcnair\/wp-json\/wp\/v2\/types\/page"}],"author":[{"embeddable":true,"href":"https:\/\/inside.ewu.edu\/mcnair\/wp-json\/wp\/v2\/users\/9086"}],"replies":[{"embeddable":true,"href":"https:\/\/inside.ewu.edu\/mcnair\/wp-json\/wp\/v2\/comments?post=35579"}],"version-history":[{"count":5,"href":"https:\/\/inside.ewu.edu\/mcnair\/wp-json\/wp\/v2\/pages\/35579\/revisions"}],"predecessor-version":[{"id":36733,"href":"https:\/\/inside.ewu.edu\/mcnair\/wp-json\/wp\/v2\/pages\/35579\/revisions\/36733"}],"up":[{"embeddable":true,"href":"https:\/\/inside.ewu.edu\/mcnair\/wp-json\/wp\/v2\/pages\/35563"}],"wp:attachment":[{"href":"https:\/\/inside.ewu.edu\/mcnair\/wp-json\/wp\/v2\/media?parent=35579"}],"curies":[{"name":"wp","href":"https:\/\/api.w.org\/{rel}","templated":true}]}}