{"id":35518,"date":"2024-03-01T12:43:33","date_gmt":"2024-03-01T20:43:33","guid":{"rendered":"https:\/\/inside.ewu.edu\/camp\/?page_id=35518"},"modified":"2024-09-25T11:37:01","modified_gmt":"2024-09-25T18:37:01","slug":"parent-message","status":"publish","type":"page","link":"https:\/\/inside.ewu.edu\/camp\/parent-message\/","title":{"rendered":"Parent Message"},"content":{"rendered":"<div class=\"gb-container gb-container-16d6d0ca\"><div class=\"gb-inside-container\">\n\n<p><strong>Dear Parents\/Guardians of Our Future CAMPers,<\/strong><\/p>\n\n\n\n<p>As the CAMP Director for EWU since 2020, it&#8217;s been exciting to work with you and support your student(s) as they explore their numerous higher education options. I hope that they find a 2nd home here at Eastern Washington University with the EWU Eagles family! During our CAMP staff&#8217;s time with the program, we have continued to emphasize and strengthen our two main goals:<\/p>\n\n\n\n<ul class=\"wp-block-list\">\n<li><em>Having migrant students finish their first year<\/em><\/li>\n<\/ul>\n\n\n\n<ul class=\"wp-block-list\">\n<li><em>Having migrant students continue their 2nd year here at EWU with the intent of becoming a college graduate<\/em><\/li>\n<\/ul>\n\n\n\n<p>We intend to continue our work by offering tutoring, mentorship, and internship\/career development. We know with your support and our services; our CAMPers will be successful!<\/p>\n\n\n\n<p>As the proud daughter of migrant farmworkers, I also want to express my deep commitment and care for this program. Please do not hesitate to reach out to our staff or me with any comments, questions, or CAMP concerns.<\/p>\n\n\n\n<p>We look forward to this journey with you and your family and await seeing your student graduate from Eastern Washington University!<\/p>\n\n\n\n<p>Best,<\/p>\n\n\n\n<p>Roc\u00edo Rangel, CAMP Director<\/p>\n\n\n\n<figure class=\"wp-block-image aligncenter size-large is-resized\"><img loading=\"lazy\" decoding=\"async\" width=\"1024\" height=\"1024\" src=\"https:\/\/inside.ewu.edu\/camp\/wp-content\/uploads\/sites\/90\/2021\/10\/210501-CAMP-department-identity-graphic-scaled-1-1024x1024.jpg\" alt=\"\" class=\"wp-image-422\" style=\"width:256px;height:256px\" srcset=\"https:\/\/inside.ewu.edu\/camp\/wp-content\/uploads\/sites\/90\/2021\/10\/210501-CAMP-department-identity-graphic-scaled-1-1024x1024.jpg 1024w, https:\/\/inside.ewu.edu\/camp\/wp-content\/uploads\/sites\/90\/2021\/10\/210501-CAMP-department-identity-graphic-scaled-1-300x300.jpg 300w, https:\/\/inside.ewu.edu\/camp\/wp-content\/uploads\/sites\/90\/2021\/10\/210501-CAMP-department-identity-graphic-scaled-1-150x150.jpg 150w, https:\/\/inside.ewu.edu\/camp\/wp-content\/uploads\/sites\/90\/2021\/10\/210501-CAMP-department-identity-graphic-scaled-1-768x768.jpg 768w, https:\/\/inside.ewu.edu\/camp\/wp-content\/uploads\/sites\/90\/2021\/10\/210501-CAMP-department-identity-graphic-scaled-1-1536x1536.jpg 1536w, https:\/\/inside.ewu.edu\/camp\/wp-content\/uploads\/sites\/90\/2021\/10\/210501-CAMP-department-identity-graphic-scaled-1-2048x2048.jpg 2048w\" sizes=\"(max-width: 1024px) 100vw, 1024px\" \/><\/figure>\n\n\n\n<hr class=\"wp-block-separator has-alpha-channel-opacity\"\/>\n\n\n\n<h2 class=\"wp-block-heading\">Mensaje para los padres de familia \/ guardianes<\/h2>\n\n\n\n<p>Estimados padres de familia y guardianes de nuestros futuros CAMPers,<\/p>\n\n\n\n<p>Hemos estado planificando y reconstruyendo el Programa de Asistencia Acad\u00e9mica para Estudiantes Migrantes mejor conocido como CAMP. \u00a1Extra\u00f1amos nuestra colaboraci\u00f3n con ustedes para lograr nuestra misi\u00f3n com\u00fan de ayudar a nuestros CAMPers a llegar y terminar la universidad!<\/p>\n\n\n\n<p>Como nueva directora de CAMP, estoy emocionada de trabajar con ustedes y apoyar a sus estudiantes mientras exploran sus numerosas opciones de educaci\u00f3n superior. \u00a1Mi esperanza es que encuentren un segundo hogar aqu\u00ed en la Universidad de Este de Washington con la familia EWU Eagles!<\/p>\n\n\n\n<p>Al reconstruir nuestro programa, hemos continuado enfatizando y fortaleciendo nuestros dos objectivos principales:<\/p>\n\n\n\n<ul class=\"wp-block-list\">\n<li><em>Que los estudiantes de origen migrantes terminen su primer a\u00f1o de universidad<\/em><\/li>\n<\/ul>\n\n\n\n<ul class=\"wp-block-list\">\n<li><em>Que los estudiantes de origen migrante contin\u00faen su segundo a\u00f1o aqu\u00ed en EWU con la intenci\u00f3n de obtener un titulo universitario<\/em><\/li>\n<\/ul>\n\n\n\n<p>Tenemos la intenci\u00f3n de continuar nuestro trabajo ofreciendo la tutor\u00eda, la gu\u00eda y el desarrollo profesional necesario para que sean exitosos. \u00a1Sabemos que con su apoyo y nuestros servicios nuestros CAMPers triunfaran! Como hija orgullosa de trabajadores migrantes, tambi\u00e9n quiero expresar mi profundo compromiso y cari\u00f1o por este programa. No duden en comunicarse con nuestro personal o conmigo con cualquier comentario o pregunta con respecto a CAMP.<\/p>\n\n\n\n<p>\u00a1Esperamos con ansias este gran paso para su familia y deseamos ver a su estudiante graduarse de Eastern Washington University!<\/p>\n\n\n\n<p>Dese\u00e1ndoles lo mejor,<\/p>\n\n\n\n<p>Roc\u00edo Rangel, CAMP Director<\/p>\n\n\n\n<figure class=\"wp-block-image aligncenter size-large is-resized\"><img loading=\"lazy\" decoding=\"async\" width=\"1024\" height=\"1024\" src=\"https:\/\/inside.ewu.edu\/camp\/wp-content\/uploads\/sites\/90\/2021\/10\/210501-CAMP-department-identity-graphic-scaled-1-1024x1024.jpg\" alt=\"\" class=\"wp-image-422\" style=\"width:256px;height:256px\" srcset=\"https:\/\/inside.ewu.edu\/camp\/wp-content\/uploads\/sites\/90\/2021\/10\/210501-CAMP-department-identity-graphic-scaled-1-1024x1024.jpg 1024w, https:\/\/inside.ewu.edu\/camp\/wp-content\/uploads\/sites\/90\/2021\/10\/210501-CAMP-department-identity-graphic-scaled-1-300x300.jpg 300w, https:\/\/inside.ewu.edu\/camp\/wp-content\/uploads\/sites\/90\/2021\/10\/210501-CAMP-department-identity-graphic-scaled-1-150x150.jpg 150w, https:\/\/inside.ewu.edu\/camp\/wp-content\/uploads\/sites\/90\/2021\/10\/210501-CAMP-department-identity-graphic-scaled-1-768x768.jpg 768w, https:\/\/inside.ewu.edu\/camp\/wp-content\/uploads\/sites\/90\/2021\/10\/210501-CAMP-department-identity-graphic-scaled-1-1536x1536.jpg 1536w, https:\/\/inside.ewu.edu\/camp\/wp-content\/uploads\/sites\/90\/2021\/10\/210501-CAMP-department-identity-graphic-scaled-1-2048x2048.jpg 2048w\" sizes=\"(max-width: 1024px) 100vw, 1024px\" \/><\/figure>\n\n<\/div><\/div>","protected":false},"excerpt":{"rendered":"<p>Dear Parents\/Guardians of Our Future CAMPers, As the CAMP Director for EWU since 2020, it&#8217;s been exciting to work with you and support your student(s) as they explore their numerous higher education options. I hope that they find a 2nd home here at Eastern Washington University with the EWU Eagles family! During our CAMP staff&#8217;s &#8230; <a title=\"Parent Message\" class=\"read-more\" href=\"https:\/\/inside.ewu.edu\/camp\/parent-message\/\" aria-label=\"Read more about Parent Message\">Read more<\/a><\/p>\n","protected":false},"author":33702,"featured_media":0,"parent":0,"menu_order":0,"comment_status":"closed","ping_status":"closed","template":"","meta":{"wpo365_audiences":[],"wpo365_private":false,"footnotes":""},"class_list":["post-35518","page","type-page","status-publish"],"_links":{"self":[{"href":"https:\/\/inside.ewu.edu\/camp\/wp-json\/wp\/v2\/pages\/35518"}],"collection":[{"href":"https:\/\/inside.ewu.edu\/camp\/wp-json\/wp\/v2\/pages"}],"about":[{"href":"https:\/\/inside.ewu.edu\/camp\/wp-json\/wp\/v2\/types\/page"}],"author":[{"embeddable":true,"href":"https:\/\/inside.ewu.edu\/camp\/wp-json\/wp\/v2\/users\/33702"}],"replies":[{"embeddable":true,"href":"https:\/\/inside.ewu.edu\/camp\/wp-json\/wp\/v2\/comments?post=35518"}],"version-history":[{"count":4,"href":"https:\/\/inside.ewu.edu\/camp\/wp-json\/wp\/v2\/pages\/35518\/revisions"}],"predecessor-version":[{"id":35689,"href":"https:\/\/inside.ewu.edu\/camp\/wp-json\/wp\/v2\/pages\/35518\/revisions\/35689"}],"wp:attachment":[{"href":"https:\/\/inside.ewu.edu\/camp\/wp-json\/wp\/v2\/media?parent=35518"}],"curies":[{"name":"wp","href":"https:\/\/api.w.org\/{rel}","templated":true}]}}